{"id":7,"date":"2014-05-22T21:20:41","date_gmt":"2014-05-22T20:20:41","guid":{"rendered":"http:\/\/residence-aquitaine.fr\/blog\/?page_id=7"},"modified":"2019-10-10T14:39:25","modified_gmt":"2019-10-10T12:39:25","slug":"ascenseur","status":"publish","type":"page","link":"https:\/\/residence-aquitaine.fr\/blog\/ascenseur\/","title":{"rendered":"Ascenseur"},"content":{"rendered":"\n<p class=\"wp-block-paragraph\"><em>En cas de probl\u00e8me d&rsquo;ascenseur.<\/em><br>Si vous \u00eates bloqu\u00e9 dans l&rsquo;ascenseur, il faut appuyer de fa\u00e7on continue sur le bouton alarme pendant au moins <strong>10 secondes,<\/strong> pour \u00eatre mis en liaison avec la permanence de <em>5M Services.<\/em><br><br><\/p>\n\n\n\n<p class=\"wp-block-paragraph\">Si vous voulez appeler <em>5M<\/em> Services pour un probl\u00e8me :<\/p>\n\n\n\n<blockquote class=\"wp-block-quote is-layout-flow wp-block-quote-is-layout-flow\"><p>T\u00e9l\u00e9phone : 08 11 65 40 70<br>Num\u00e9ro ascenseur : AS01508<\/p><\/blockquote>\n\n\n\n<p class=\"wp-block-paragraph\"><\/p>\n","protected":false},"excerpt":{"rendered":"<p>En cas de probl\u00e8me d&rsquo;ascenseur.Si vous \u00eates bloqu\u00e9 dans l&rsquo;ascenseur, il faut appuyer de fa\u00e7on continue sur le bouton alarme pendant au moins 10 secondes, pour \u00eatre mis en liaison avec la permanence de 5M Services. Si vous voulez appeler 5M Services pour un probl\u00e8me : T\u00e9l\u00e9phone : 08 11 65 40 70Num\u00e9ro ascenseur : <span class=\"ellipsis\">&hellip;<\/span> <span class=\"more-link-wrap\"><a href=\"https:\/\/residence-aquitaine.fr\/blog\/ascenseur\/\" class=\"more-link\"><span>Read More &rarr;<\/span><\/a><\/span><\/p>\n","protected":false},"author":1,"featured_media":0,"parent":0,"menu_order":0,"comment_status":"closed","ping_status":"closed","template":"","meta":{"_crdt_document":"","footnotes":""},"class_list":["post-7","page","type-page","status-publish","hentry"],"_links":{"self":[{"href":"https:\/\/residence-aquitaine.fr\/blog\/wp-json\/wp\/v2\/pages\/7","targetHints":{"allow":["GET"]}}],"collection":[{"href":"https:\/\/residence-aquitaine.fr\/blog\/wp-json\/wp\/v2\/pages"}],"about":[{"href":"https:\/\/residence-aquitaine.fr\/blog\/wp-json\/wp\/v2\/types\/page"}],"author":[{"embeddable":true,"href":"https:\/\/residence-aquitaine.fr\/blog\/wp-json\/wp\/v2\/users\/1"}],"replies":[{"embeddable":true,"href":"https:\/\/residence-aquitaine.fr\/blog\/wp-json\/wp\/v2\/comments?post=7"}],"version-history":[{"count":6,"href":"https:\/\/residence-aquitaine.fr\/blog\/wp-json\/wp\/v2\/pages\/7\/revisions"}],"predecessor-version":[{"id":659,"href":"https:\/\/residence-aquitaine.fr\/blog\/wp-json\/wp\/v2\/pages\/7\/revisions\/659"}],"wp:attachment":[{"href":"https:\/\/residence-aquitaine.fr\/blog\/wp-json\/wp\/v2\/media?parent=7"}],"curies":[{"name":"wp","href":"https:\/\/api.w.org\/{rel}","templated":true}]}}