{"id":12,"date":"2014-05-22T21:22:24","date_gmt":"2014-05-22T20:22:24","guid":{"rendered":"http:\/\/residence-aquitaine.fr\/blog\/?page_id=12"},"modified":"2017-12-19T21:46:41","modified_gmt":"2017-12-19T20:46:41","slug":"fuites","status":"publish","type":"page","link":"https:\/\/residence-aquitaine.fr\/blog\/fuites\/","title":{"rendered":"Fuites"},"content":{"rendered":"<p>Dans notre immeuble nous avons assez souvent des probl\u00e8mes de fuites. La plupart du temps les fuites se situent au niveau de la gaine technique (l&rsquo;endroit o\u00f9 se situent les diff\u00e9rents robinets d&rsquo;arriv\u00e9e d&rsquo;eau pour l&rsquo;appartement). Ce qui pose pas mal de probl\u00e8mes, car une fuite peut s&rsquo;\u00eatre d\u00e9clar\u00e9e depuis un moment sans que l&rsquo;occupant de l&rsquo;appartement ne s&rsquo;en soit rendu compte.<br \/>\n<em>Il faut faire tr\u00e8s attention en manipulant le robinet d&rsquo;arriv\u00e9e d&rsquo;eau froide, car la colonne montante est en PVC, donc elle est assez fragile.<\/em><\/p>\n<p>Que faire en cas de fuite ?<br \/>\nTout d&rsquo;abord d\u00e9terminer o\u00f9 elle se situe.<\/p>\n<dl>\n<dt>La fuite se produit chez vous, c&rsquo;est \u00e0 dire <em>apr\u00e8s<\/em> les robinets d&rsquo;arriv\u00e9e<\/dt>\n<dd>\n<ol>\n<li>Fermez le robinet d&rsquo;arriv\u00e9e d&rsquo;eau correspondant !<\/li>\n<li>Appelez un plombier, ou le <a href=\"http:\/\/www.residence-aquitaine.fr\/blog\/Contacts\"> syndic<\/a> si vous pr\u00e9f\u00e9rez qu&rsquo;ils se chargent de vous en envoyer un ;<\/li>\n<li>Pr\u00e9venez vos voisins du dessous, \u00e7a peut leur permettre de v\u00e9rifier si la fuite ne se propage pas chez eux (dans un endroit non visible, un placard par exemple).<\/li>\n<\/ol>\n<\/dd>\n<dt>La fuite se produit chez vous, mais <em>avant<\/em> les robinets d&rsquo;arriv\u00e9e<\/dt>\n<dd>\n<ol>\n<li>Si la fuite est importante, allez fermer le robinet de la colonne montante, ces robinets se trouvent au rez-de-jardin ;<\/li>\n<li>Pr\u00e9venez vos voisins du dessous, \u00e7a peut leur permettre de v\u00e9rifier si la fuite ne se propage pas chez eux ;<\/li>\n<li>Appelez un plombier.<\/li>\n<\/ol>\n<\/dd>\n<dt>Vous trouvez une fuite dans la r\u00e9sidence, pr\u00e9venez le <a href=\"http:\/\/www.residence-aquitaine.fr\/blog\/Contacts\"> syndic<\/a>.<\/dt>\n<dt>Vous pouvez aussi poster un message dans le <a href=\"http:\/\/residence-aquitaine.fr\/forums\">forum<\/a>, \u00e7a peut permettre de faire avancer les choses.<\/dt>\n<\/dl>\n","protected":false},"excerpt":{"rendered":"<p>Dans notre immeuble nous avons assez souvent des probl\u00e8mes de fuites. La plupart du temps les fuites se situent au niveau de la gaine technique (l&rsquo;endroit o\u00f9 se situent les diff\u00e9rents robinets d&rsquo;arriv\u00e9e d&rsquo;eau pour l&rsquo;appartement). Ce qui pose pas mal de probl\u00e8mes, car une fuite peut s&rsquo;\u00eatre d\u00e9clar\u00e9e depuis un moment sans que l&rsquo;occupant <span class=\"ellipsis\">&hellip;<\/span> <span class=\"more-link-wrap\"><a href=\"https:\/\/residence-aquitaine.fr\/blog\/fuites\/\" class=\"more-link\"><span>Read More &rarr;<\/span><\/a><\/span><\/p>\n","protected":false},"author":1,"featured_media":0,"parent":0,"menu_order":0,"comment_status":"closed","ping_status":"closed","template":"","meta":{"_crdt_document":"","footnotes":""},"class_list":["post-12","page","type-page","status-publish","hentry"],"_links":{"self":[{"href":"https:\/\/residence-aquitaine.fr\/blog\/wp-json\/wp\/v2\/pages\/12","targetHints":{"allow":["GET"]}}],"collection":[{"href":"https:\/\/residence-aquitaine.fr\/blog\/wp-json\/wp\/v2\/pages"}],"about":[{"href":"https:\/\/residence-aquitaine.fr\/blog\/wp-json\/wp\/v2\/types\/page"}],"author":[{"embeddable":true,"href":"https:\/\/residence-aquitaine.fr\/blog\/wp-json\/wp\/v2\/users\/1"}],"replies":[{"embeddable":true,"href":"https:\/\/residence-aquitaine.fr\/blog\/wp-json\/wp\/v2\/comments?post=12"}],"version-history":[{"count":8,"href":"https:\/\/residence-aquitaine.fr\/blog\/wp-json\/wp\/v2\/pages\/12\/revisions"}],"predecessor-version":[{"id":446,"href":"https:\/\/residence-aquitaine.fr\/blog\/wp-json\/wp\/v2\/pages\/12\/revisions\/446"}],"wp:attachment":[{"href":"https:\/\/residence-aquitaine.fr\/blog\/wp-json\/wp\/v2\/media?parent=12"}],"curies":[{"name":"wp","href":"https:\/\/api.w.org\/{rel}","templated":true}]}}